{"id":9,"date":"2020-03-02T09:13:06","date_gmt":"2020-03-02T09:13:06","guid":{"rendered":"https:\/\/pasticerilika.com\/?page_id=9"},"modified":"2020-03-02T10:19:31","modified_gmt":"2020-03-02T10:19:31","slug":"rreth-nesh","status":"publish","type":"page","link":"https:\/\/pasticerilika.com\/index.php\/rreth-nesh\/","title":{"rendered":"RRETH NESH"},"content":{"rendered":"<div class=\"wpb-content-wrapper\"><p>[vc_row bg_type=&#8221;image&#8221; parallax_style=&#8221;vcpb-default&#8221; bg_image_new=&#8221;id^47|url^https:\/\/pasticerilika.com\/wp-content\/uploads\/2020\/03\/background-rreth-nesh.jpg|caption^null|alt^null|title^null|description^null&#8221; bg_image_repeat=&#8221;no-repeat&#8221;][vc_column width=&#8221;1\/2&#8243;][vc_empty_space][vc_empty_space][vc_custom_heading text=&#8221;Pasticeri Lika&#8221; font_container=&#8221;tag:h2|text_align:left|color:%23ee1d25&#8243; google_fonts=&#8221;font_family:Paprika%3Aregular|font_style:400%20regular%3A400%3Anormal&#8221;][vc_empty_space][vc_custom_heading text=&#8221;Pasticeri LIKA eshte themeluar ne vitin 1995 si nje biznes familjar nga bashkeshortet Lika . Puna, pasioni per te emblen dhe perkushtimi, bene qe te rritet perdite nga pak duke bere qe sot te prodhoje  produktet me te kerkuara nga klientet e  te gjithe marketeve ne cdo cep te Shqiperise.  Lider i padiskutuesh\u00ebm n\u00eb tregtimin e produkteve t\u00eb \u00ebmb\u00eblsirave dhe me shtrirje n\u00eb gjith\u00eb Republik\u00ebn e Shqip\u00ebris\u00eb dhe m\u00eb gj\u00ebr\u00eb n\u00eb Kosov\u00eb, vjen p\u00ebr t\u00eb gjith\u00eb ju me nj\u00eb eksperienc\u00eb disa vjecare n\u00eb fush\u00ebn e prodhimeve t\u00eb pasticeris\u00eb. Ne ju garantojm\u00eb cil\u00ebsi, sh\u00ebrbim, korrekt\u00ebsi dhe nj\u00eb shum\u00ebllojshm\u00ebri produktesh \u00ebmb\u00eblsirash.&#8221; font_container=&#8221;tag:p|text_align:justify|color:%23333333&#8243; google_fonts=&#8221;font_family:Roboto%3A100%2C100italic%2C300%2C300italic%2Cregular%2Citalic%2C500%2C500italic%2C700%2C700italic%2C900%2C900italic|font_style:400%20regular%3A400%3Anormal&#8221;][vc_empty_space][vc_btn title=&#8221;Shiko Produktet&#8221; style=&#8221;custom&#8221; custom_background=&#8221;#ee1d25&#8243; custom_text=&#8221;#ffffff&#8221; shape=&#8221;square&#8221; align=&#8221;left&#8221;][vc_empty_space][\/vc_column][vc_column width=&#8221;1\/2&#8243;][vc_empty_space][vc_single_image image=&#8221;59&#8243; img_size=&#8221;full&#8221; alignment=&#8221;right&#8221;][\/vc_column][\/vc_row]<\/p>\n<\/div>","protected":false},"excerpt":{"rendered":"<p>[vc_row bg_type=&#8221;image&#8221; parallax_style=&#8221;vcpb-default&#8221; bg_image_new=&#8221;id^47|url^https:\/\/pasticerilika.com\/wp-content\/uploads\/2020\/03\/background-rreth-nesh.jpg|caption^null|alt^null|title^null|description^null&#8221; bg_image_repeat=&#8221;no-repeat&#8221;][vc_column width=&#8221;1\/2&#8243;][vc_empty_space][vc_empty_space][vc_custom_heading text=&#8221;Pasticeri Lika&#8221; font_container=&#8221;tag:h2|text_align:left|color:%23ee1d25&#8243; google_fonts=&#8221;font_family:Paprika%3Aregular|font_style:400%20regular%3A400%3Anormal&#8221;][vc_empty_space][vc_custom_heading text=&#8221;Pasticeri LIKA eshte themeluar ne vitin 1995 si nje biznes familjar nga bashkeshortet Lika . Puna, pasioni per te emblen dhe perkushtimi, bene qe te rritet perdite nga pak duke bere qe sot te prodhoje produktet me te kerkuara nga klientet e te gjithe marketeve&hellip;<\/p>\n","protected":false},"author":1,"featured_media":0,"parent":0,"menu_order":0,"comment_status":"closed","ping_status":"closed","template":"","meta":{"footnotes":""},"class_list":["post-9","page","type-page","status-publish","hentry","description-off"],"_links":{"self":[{"href":"https:\/\/pasticerilika.com\/index.php\/wp-json\/wp\/v2\/pages\/9","targetHints":{"allow":["GET"]}}],"collection":[{"href":"https:\/\/pasticerilika.com\/index.php\/wp-json\/wp\/v2\/pages"}],"about":[{"href":"https:\/\/pasticerilika.com\/index.php\/wp-json\/wp\/v2\/types\/page"}],"author":[{"embeddable":true,"href":"https:\/\/pasticerilika.com\/index.php\/wp-json\/wp\/v2\/users\/1"}],"replies":[{"embeddable":true,"href":"https:\/\/pasticerilika.com\/index.php\/wp-json\/wp\/v2\/comments?post=9"}],"version-history":[{"count":5,"href":"https:\/\/pasticerilika.com\/index.php\/wp-json\/wp\/v2\/pages\/9\/revisions"}],"predecessor-version":[{"id":62,"href":"https:\/\/pasticerilika.com\/index.php\/wp-json\/wp\/v2\/pages\/9\/revisions\/62"}],"wp:attachment":[{"href":"https:\/\/pasticerilika.com\/index.php\/wp-json\/wp\/v2\/media?parent=9"}],"curies":[{"name":"wp","href":"https:\/\/api.w.org\/{rel}","templated":true}]}}