{"id":101,"date":"2020-03-02T11:07:30","date_gmt":"2020-03-02T11:07:30","guid":{"rendered":"https:\/\/pasticerilika.com\/?post_type=product&#038;p=101"},"modified":"2020-03-02T11:09:53","modified_gmt":"2020-03-02T11:09:53","slug":"amaret-kornflex-misri-380-gr-pap2","status":"publish","type":"product","link":"https:\/\/pasticerilika.com\/index.php\/product\/amaret-kornflex-misri-380-gr-pap2\/","title":{"rendered":"Amaret Kornflex Misri 380 gr Pap2"},"content":{"rendered":"","protected":false},"excerpt":{"rendered":"<p><span style=\"color: #333333;\">Amaret\u00eb e paketuar n\u00eb vasket\u00eb e shkrif\u00ebt me kornflex misri.<\/span><\/p>\n","protected":false},"featured_media":103,"template":"","meta":[],"product_brand":[],"product_cat":[17,20],"product_tag":[],"class_list":{"0":"post-101","1":"product","2":"type-product","3":"status-publish","4":"has-post-thumbnail","6":"product_cat-amareta","7":"product_cat-amareta-te-paketuara-qese-ose-vasketa","8":"description-off","10":"first","11":"instock","12":"shipping-taxable","13":"product-type-simple"},"_links":{"self":[{"href":"https:\/\/pasticerilika.com\/index.php\/wp-json\/wp\/v2\/product\/101","targetHints":{"allow":["GET"]}}],"collection":[{"href":"https:\/\/pasticerilika.com\/index.php\/wp-json\/wp\/v2\/product"}],"about":[{"href":"https:\/\/pasticerilika.com\/index.php\/wp-json\/wp\/v2\/types\/product"}],"wp:featuredmedia":[{"embeddable":true,"href":"https:\/\/pasticerilika.com\/index.php\/wp-json\/wp\/v2\/media\/103"}],"wp:attachment":[{"href":"https:\/\/pasticerilika.com\/index.php\/wp-json\/wp\/v2\/media?parent=101"}],"wp:term":[{"taxonomy":"product_brand","embeddable":true,"href":"https:\/\/pasticerilika.com\/index.php\/wp-json\/wp\/v2\/product_brand?post=101"},{"taxonomy":"product_cat","embeddable":true,"href":"https:\/\/pasticerilika.com\/index.php\/wp-json\/wp\/v2\/product_cat?post=101"},{"taxonomy":"product_tag","embeddable":true,"href":"https:\/\/pasticerilika.com\/index.php\/wp-json\/wp\/v2\/product_tag?post=101"}],"curies":[{"name":"wp","href":"https:\/\/api.w.org\/{rel}","templated":true}]}}