{"id":107,"date":"2020-03-02T11:12:38","date_gmt":"2020-03-02T11:12:38","guid":{"rendered":"https:\/\/pasticerilika.com\/?post_type=product&#038;p=107"},"modified":"2023-07-25T11:53:13","modified_gmt":"2023-07-25T11:53:13","slug":"amaret-mjalti-300gr-pap3","status":"publish","type":"product","link":"https:\/\/pasticerilika.com\/index.php\/product\/amaret-mjalti-300gr-pap3\/","title":{"rendered":"Amaret Mjalti 300Gr Pap3"},"content":{"rendered":"","protected":false},"excerpt":{"rendered":"<p><span style=\"color: #333333;\">Amaret\u00eb e shkrif\u00ebt me mjalt e paketuar n\u00eb amaballazh 300gr p\u00ebr nj\u00eb freski q\u00eb zgjat , ideale p\u00ebr tu shoq\u00ebruar me qumesht ose me kafe<\/span><\/p>\n","protected":false},"featured_media":109,"template":"","meta":[],"product_brand":[],"product_cat":[17,20],"product_tag":[],"class_list":{"0":"post-107","1":"product","2":"type-product","3":"status-publish","4":"has-post-thumbnail","6":"product_cat-amareta","7":"product_cat-amareta-te-paketuara-qese-ose-vasketa","8":"description-off","10":"first","11":"instock","12":"shipping-taxable","13":"product-type-simple"},"_links":{"self":[{"href":"https:\/\/pasticerilika.com\/index.php\/wp-json\/wp\/v2\/product\/107","targetHints":{"allow":["GET"]}}],"collection":[{"href":"https:\/\/pasticerilika.com\/index.php\/wp-json\/wp\/v2\/product"}],"about":[{"href":"https:\/\/pasticerilika.com\/index.php\/wp-json\/wp\/v2\/types\/product"}],"wp:featuredmedia":[{"embeddable":true,"href":"https:\/\/pasticerilika.com\/index.php\/wp-json\/wp\/v2\/media\/109"}],"wp:attachment":[{"href":"https:\/\/pasticerilika.com\/index.php\/wp-json\/wp\/v2\/media?parent=107"}],"wp:term":[{"taxonomy":"product_brand","embeddable":true,"href":"https:\/\/pasticerilika.com\/index.php\/wp-json\/wp\/v2\/product_brand?post=107"},{"taxonomy":"product_cat","embeddable":true,"href":"https:\/\/pasticerilika.com\/index.php\/wp-json\/wp\/v2\/product_cat?post=107"},{"taxonomy":"product_tag","embeddable":true,"href":"https:\/\/pasticerilika.com\/index.php\/wp-json\/wp\/v2\/product_tag?post=107"}],"curies":[{"name":"wp","href":"https:\/\/api.w.org\/{rel}","templated":true}]}}