{"id":122,"date":"2020-03-02T11:23:13","date_gmt":"2020-03-02T11:23:13","guid":{"rendered":"https:\/\/pasticerilika.com\/?post_type=product&#038;p=122"},"modified":"2023-08-01T08:58:25","modified_gmt":"2023-08-01T08:58:25","slug":"amaret-kornflex-cokollate-pam5","status":"publish","type":"product","link":"https:\/\/pasticerilika.com\/index.php\/product\/amaret-kornflex-cokollate-pam5\/","title":{"rendered":"Amaret kornflex cokollate Pam5"},"content":{"rendered":"","protected":false},"excerpt":{"rendered":"<p><span style=\"color: #333333;\">Amaret\u00eb e paketuar nj\u00eb nga nj\u00eb e shkrif\u00ebt me kornflex cokollate.<\/span><\/p>\n","protected":false},"featured_media":123,"template":"","meta":[],"product_brand":[],"product_cat":[17,19],"product_tag":[],"class_list":{"0":"post-122","1":"product","2":"type-product","3":"status-publish","4":"has-post-thumbnail","6":"product_cat-amareta","7":"product_cat-amareta-te-paketuara-nje-nga-nje","8":"description-off","10":"first","11":"instock","12":"shipping-taxable","13":"product-type-simple"},"_links":{"self":[{"href":"https:\/\/pasticerilika.com\/index.php\/wp-json\/wp\/v2\/product\/122","targetHints":{"allow":["GET"]}}],"collection":[{"href":"https:\/\/pasticerilika.com\/index.php\/wp-json\/wp\/v2\/product"}],"about":[{"href":"https:\/\/pasticerilika.com\/index.php\/wp-json\/wp\/v2\/types\/product"}],"wp:featuredmedia":[{"embeddable":true,"href":"https:\/\/pasticerilika.com\/index.php\/wp-json\/wp\/v2\/media\/123"}],"wp:attachment":[{"href":"https:\/\/pasticerilika.com\/index.php\/wp-json\/wp\/v2\/media?parent=122"}],"wp:term":[{"taxonomy":"product_brand","embeddable":true,"href":"https:\/\/pasticerilika.com\/index.php\/wp-json\/wp\/v2\/product_brand?post=122"},{"taxonomy":"product_cat","embeddable":true,"href":"https:\/\/pasticerilika.com\/index.php\/wp-json\/wp\/v2\/product_cat?post=122"},{"taxonomy":"product_tag","embeddable":true,"href":"https:\/\/pasticerilika.com\/index.php\/wp-json\/wp\/v2\/product_tag?post=122"}],"curies":[{"name":"wp","href":"https:\/\/api.w.org\/{rel}","templated":true}]}}