{"id":70,"date":"2020-03-02T10:48:20","date_gmt":"2020-03-02T10:48:20","guid":{"rendered":"https:\/\/pasticerilika.com\/?post_type=product&#038;p=70"},"modified":"2023-07-28T09:06:32","modified_gmt":"2023-07-28T09:06:32","slug":"amaret-bajame-pam-1","status":"publish","type":"product","link":"https:\/\/pasticerilika.com\/index.php\/product\/amaret-bajame-pam-1\/","title":{"rendered":"Amaret me marmelat"},"content":{"rendered":"","protected":false},"excerpt":{"rendered":"<p><span style=\"color: #333333;\">Amaret\u00eb e shkrif\u00ebt dhe bajame t\u00eb fresk\u00ebta.<\/span><\/p>\n","protected":false},"featured_media":564,"template":"","meta":[],"product_brand":[],"product_cat":[17,18],"product_tag":[],"class_list":{"0":"post-70","1":"product","2":"type-product","3":"status-publish","4":"has-post-thumbnail","6":"product_cat-amareta","7":"product_cat-amareta-me-kg","8":"description-off","10":"first","11":"instock","12":"shipping-taxable","13":"product-type-simple"},"_links":{"self":[{"href":"https:\/\/pasticerilika.com\/index.php\/wp-json\/wp\/v2\/product\/70","targetHints":{"allow":["GET"]}}],"collection":[{"href":"https:\/\/pasticerilika.com\/index.php\/wp-json\/wp\/v2\/product"}],"about":[{"href":"https:\/\/pasticerilika.com\/index.php\/wp-json\/wp\/v2\/types\/product"}],"wp:featuredmedia":[{"embeddable":true,"href":"https:\/\/pasticerilika.com\/index.php\/wp-json\/wp\/v2\/media\/564"}],"wp:attachment":[{"href":"https:\/\/pasticerilika.com\/index.php\/wp-json\/wp\/v2\/media?parent=70"}],"wp:term":[{"taxonomy":"product_brand","embeddable":true,"href":"https:\/\/pasticerilika.com\/index.php\/wp-json\/wp\/v2\/product_brand?post=70"},{"taxonomy":"product_cat","embeddable":true,"href":"https:\/\/pasticerilika.com\/index.php\/wp-json\/wp\/v2\/product_cat?post=70"},{"taxonomy":"product_tag","embeddable":true,"href":"https:\/\/pasticerilika.com\/index.php\/wp-json\/wp\/v2\/product_tag?post=70"}],"curies":[{"name":"wp","href":"https:\/\/api.w.org\/{rel}","templated":true}]}}