{"id":83,"date":"2020-03-02T10:54:37","date_gmt":"2020-03-02T10:54:37","guid":{"rendered":"https:\/\/pasticerilika.com\/?post_type=product&#038;p=83"},"modified":"2023-07-25T07:36:56","modified_gmt":"2023-07-25T07:36:56","slug":"amaret-kukis-arre","status":"publish","type":"product","link":"https:\/\/pasticerilika.com\/index.php\/product\/amaret-kukis-arre\/","title":{"rendered":"Amaret Kukis Arr\u00eb"},"content":{"rendered":"","protected":false},"excerpt":{"rendered":"<p><span style=\"color: #333333;\">Amaret\u00eb e shkrif\u00ebt me kornflex cokollat\u00eb.<\/span><\/p>\n","protected":false},"featured_media":485,"template":"","meta":[],"product_brand":[],"product_cat":[17,18],"product_tag":[],"class_list":{"0":"post-83","1":"product","2":"type-product","3":"status-publish","4":"has-post-thumbnail","6":"product_cat-amareta","7":"product_cat-amareta-me-kg","8":"description-off","10":"first","11":"instock","12":"shipping-taxable","13":"product-type-simple"},"_links":{"self":[{"href":"https:\/\/pasticerilika.com\/index.php\/wp-json\/wp\/v2\/product\/83","targetHints":{"allow":["GET"]}}],"collection":[{"href":"https:\/\/pasticerilika.com\/index.php\/wp-json\/wp\/v2\/product"}],"about":[{"href":"https:\/\/pasticerilika.com\/index.php\/wp-json\/wp\/v2\/types\/product"}],"wp:featuredmedia":[{"embeddable":true,"href":"https:\/\/pasticerilika.com\/index.php\/wp-json\/wp\/v2\/media\/485"}],"wp:attachment":[{"href":"https:\/\/pasticerilika.com\/index.php\/wp-json\/wp\/v2\/media?parent=83"}],"wp:term":[{"taxonomy":"product_brand","embeddable":true,"href":"https:\/\/pasticerilika.com\/index.php\/wp-json\/wp\/v2\/product_brand?post=83"},{"taxonomy":"product_cat","embeddable":true,"href":"https:\/\/pasticerilika.com\/index.php\/wp-json\/wp\/v2\/product_cat?post=83"},{"taxonomy":"product_tag","embeddable":true,"href":"https:\/\/pasticerilika.com\/index.php\/wp-json\/wp\/v2\/product_tag?post=83"}],"curies":[{"name":"wp","href":"https:\/\/api.w.org\/{rel}","templated":true}]}}